{"id":2,"date":"2025-01-09T14:33:01","date_gmt":"2025-01-09T14:33:01","guid":{"rendered":"https:\/\/webwerft.net\/?page_id=2"},"modified":"2025-01-09T15:53:27","modified_gmt":"2025-01-09T15:53:27","slug":"sample-page","status":"publish","type":"page","link":"https:\/\/webwerft.net\/","title":{"rendered":"Hallo liebe:r Besucher:in!"},"content":{"rendered":"\n<p>Ich habe Ideen. Viele Ideen. Zu viele Ideen, um sie alle schnell zu verwirklichen.<\/p>\n\n\n\nF\u00fcr <b><\/b> habe ich auch schon ein kleines Grobkonzept. \ud83d\ude42<br \/>\n<br \/>\n\n\n\n<p>Wenn du ein\u00a0<strong>echtes<\/strong>\u00a0Interesse an der Domain hast, dann kontaktiere mich bitte:<\/p>\n\n\n\n<a href=\"mailto:anfrage@webwerft.net?subject=Domain\">anfrage@webwerft.net<\/a><br \/>\n<br \/>\n\n\n\n<p>Wir werden uns dann schon einig &#8230;<\/p>\n\n\n\n<p>Gr\u00fc\u00dfe aus dem sch\u00f6nen Norden,<\/p>\n\n\n\n<p>Tino Korth \ud83d\udc4b<\/p>\n\n\n\n<p><\/p>\n","protected":false},"excerpt":{"rendered":"<p>Ich habe Ideen. Viele Ideen. Zu viele Ideen, um sie alle schnell zu verwirklichen. F\u00fcr habe ich auch schon ein kleines Grobkonzept. \ud83d\ude42 Wenn du ein\u00a0echtes\u00a0Interesse an der Domain hast, dann kontaktiere mich bitte: anfrage@webwerft.net Wir werden uns dann schon einig &#8230; Gr\u00fc\u00dfe aus dem sch\u00f6nen Norden, Tino Korth \ud83d\udc4b<\/p>\n","protected":false},"author":1,"featured_media":0,"parent":0,"menu_order":0,"comment_status":"closed","ping_status":"closed","template":"","meta":{"iawp_total_views":38060,"footnotes":""},"class_list":["post-2","page","type-page","status-publish","hentry"],"_links":{"self":[{"href":"https:\/\/webwerft.net\/index.php\/wp-json\/wp\/v2\/pages\/2","targetHints":{"allow":["GET"]}}],"collection":[{"href":"https:\/\/webwerft.net\/index.php\/wp-json\/wp\/v2\/pages"}],"about":[{"href":"https:\/\/webwerft.net\/index.php\/wp-json\/wp\/v2\/types\/page"}],"author":[{"embeddable":true,"href":"https:\/\/webwerft.net\/index.php\/wp-json\/wp\/v2\/users\/1"}],"replies":[{"embeddable":true,"href":"https:\/\/webwerft.net\/index.php\/wp-json\/wp\/v2\/comments?post=2"}],"version-history":[{"count":16,"href":"https:\/\/webwerft.net\/index.php\/wp-json\/wp\/v2\/pages\/2\/revisions"}],"predecessor-version":[{"id":27,"href":"https:\/\/webwerft.net\/index.php\/wp-json\/wp\/v2\/pages\/2\/revisions\/27"}],"wp:attachment":[{"href":"https:\/\/webwerft.net\/index.php\/wp-json\/wp\/v2\/media?parent=2"}],"curies":[{"name":"wp","href":"https:\/\/api.w.org\/{rel}","templated":true}]}}